{"id":108,"date":"2016-06-27T12:09:30","date_gmt":"2016-06-27T10:09:30","guid":{"rendered":"http:\/\/simonamenichelli.it\/?page_id=108"},"modified":"2016-06-27T12:09:30","modified_gmt":"2016-06-27T10:09:30","slug":"terapia-di-coppia","status":"publish","type":"page","link":"http:\/\/simonamenichelli.it\/index.php\/terapie\/terapia-di-coppia\/","title":{"rendered":"Terapia di coppia"},"content":{"rendered":"<p><img decoding=\"async\" loading=\"lazy\" class=\"size-medium wp-image-62 alignleft\" src=\"http:\/\/simonamenichelli.it\/wp-content\/uploads\/2016\/06\/Psicoterapia-familiare-300x242.jpg\" alt=\"Psicoterapia-familiare\" width=\"300\" height=\"242\" srcset=\"http:\/\/simonamenichelli.it\/wp-content\/uploads\/2016\/06\/Psicoterapia-familiare-300x242.jpg 300w, http:\/\/simonamenichelli.it\/wp-content\/uploads\/2016\/06\/Psicoterapia-familiare.jpg 595w\" sizes=\"(max-width: 300px) 100vw, 300px\" \/><\/p>\n<p>La psicoterapia di coppia \u00e8 un intervento terapeutico finalizzato ad aiutare i coniugi\/conviventi in difficolt\u00e0 a superare i momenti critici che incontrano nel loro cammino insieme.<\/p>\n<p>Le difficolt\u00e0 incontrate possono essere di diverso tipo a seconda della fase del ciclo vitale della famiglia (coppia senza figli, nascita del primo figlio, crescita e distacco dai figli, pensionamento ecc): ad esempio problemi nella sessualit\u00e0, difficolt\u00e0 di comunicazione, divergenze nelle modalit\u00e0 genitoriali, conflitti, tradimenti.<\/p>\n<p>La coppia, dal momento del suo costituirsi, cresce e si modifica nel tempo, affrontando cambiamenti e generando altra vita. Affinch\u00e9 questo possa avvenire, debbono essere state conquistate una serie di competenze cognitive, affettive, interpersonali e sociali che rendano in grado di stabilire legami affettivi stabili. Inoltre, affinch\u00e9 i partner continuino a trovare piacere, protezione e riconoscimento, la relazione di coppia necessita di un impegno costante da parte di entrambi.<\/p>\n<p>Intervenire con la terapia sulla coppia nei momenti di crisi che ciclicamente la attraversano non significa unicamente superare le difficolt\u00e0, quanto piuttosto imparare un modo di nutrire il legame affettivo, per poter vivere la relazione di coppia in modo pi\u00f9 costruttivo e soddisfacente. In tutte le coppie in crisi, scatta un meccanismo psicologico particolare: ciascuno considera il partner il principale responsabile della situazione di tensione che si \u00e8 venuta a creare. In altre parole, ciascuno sente di essere dalla parte della ragione. La terapia di coppia \u00e8 particolarmente consigliata per le coppie che si trovano in una situazione di stallo: non riescono pi\u00f9 a stare bene insieme ma neppure a lasciarsi.<\/p>\n<p>La Terapia di Coppia pu\u00f2 essere richiesta per aspetti diversi, come Tradimento, Separazione, Sessualit\u00e0, Difficolt\u00e0 Procreative. Le problematiche che si possono affrontare con la terapia sono dunque svariate, possono essere sia del singolo come depressioni, attacchi di panico, fobie o disturbi alimentari, sia di entrambi come difficolt\u00e0 sessuali, incapacit\u00e0 di comunicare, problematiche legate al concepimento dei figli, o alla loro gestione, e difficolt\u00e0 rispetto alla separazione. Tra le difficolt\u00e0 che spesso si incontrano nelle coppie, si possono trovare: problemi di comunicazione, infedelt\u00e0, divorzio e separazione, abuso o violenza domestica, disaccordo sull&#8217;educazione dei figli,difficolt\u00e0 economiche che colpiscono la relazione, lotte di potere, conflitti e discussioni frequenti, problemi sessuali e dipendenze affettive ,delusioni e frustrazione perch\u00e9 la relazione non risponde ad aspettative pregresse, problemi di gestione e di modulazione delle emozioni come la rabbia e la gelosia.<\/p>\n<p>Tra gli <strong>obiettivi<\/strong> di una terapia di coppia, ci sarebbe quello di guidare la coppia a ritrovare un modo di nutrire il legame affettivo, per poter vivere la relazione in modo costruttivo e soddisfacente. La terapia favorisce la consapevolezza delle modalit\u00e0 relazionali vigenti nella relazione di coppia, aiutando i partner ad individuare gli specifici aspetti che contribuiscono ad alimentare la crisi. La terapia di coppia \u00e8 particolarmente consigliata per le coppie che si trovano in una situazione di stallo, nella quale il singolo non riesce a stare bene n\u00e9 con, n\u00e9 senza l&#8217;altro. La difficolt\u00e0 di comunicare, la distanza emotiva tra partner, il non riuscire pi\u00f9 un accordo emotivamente soddisfacente, possono essere considerati indicatori della necessit\u00e0 di intervenire con una terapia di questo tipo.<\/p>\n<p>Gli obiettivi di una psicoterapia di coppia in generale possono essere i seguenti:<\/p>\n<ul>\n<li>incrementare nei membri della coppia le capacit\u00e0 di comunicare in modo efficace;<\/li>\n<li>addestramento nella risoluzione dei problemi;<\/li>\n<li>acquisizione di una maggiore consapevolezza del modo in cui gli schemi mentali, gli atteggiamenti e le modalit\u00e0 soggettive di pensiero influiscono sulle proprie emozioni e sul proprio comportamento, aiutando a realizzare cambiamenti nelle convinzioni, nelle attribuzioni e nelle aspettative qualora esse si rivelino controproducenti, irrazionali e distruttive;<\/li>\n<li>incrementare un interscambio di condotte positive;<\/li>\n<li>aumentare il livello di autostima dei componenti della coppia;<\/li>\n<li>aiutare ad acquisire e mantenere una maggiore conoscenza delle emozioni del partner;<\/li>\n<li>apprendere a identificare, capire ed esprimere meglio le proprie emozioni, e gestirle in modi pi\u00f9 appropriati.<\/li>\n<\/ul>\n","protected":false},"excerpt":{"rendered":"<p>La psicoterapia di coppia \u00e8 un intervento terapeutico finalizzato ad aiutare i coniugi\/conviventi in difficolt\u00e0 a superare i momenti critici che incontrano nel loro cammino insieme. Le difficolt\u00e0 incontrate possono essere di diverso tipo a seconda della fase del ciclo&#8230;<br \/><a class=\"read-more-button\" href=\"http:\/\/simonamenichelli.it\/index.php\/terapie\/terapia-di-coppia\/\">Leggi il seguito<\/a><\/p>\n","protected":false},"author":1,"featured_media":0,"parent":14,"menu_order":2,"comment_status":"closed","ping_status":"closed","template":"","meta":[],"_links":{"self":[{"href":"http:\/\/simonamenichelli.it\/index.php\/wp-json\/wp\/v2\/pages\/108"}],"collection":[{"href":"http:\/\/simonamenichelli.it\/index.php\/wp-json\/wp\/v2\/pages"}],"about":[{"href":"http:\/\/simonamenichelli.it\/index.php\/wp-json\/wp\/v2\/types\/page"}],"author":[{"embeddable":true,"href":"http:\/\/simonamenichelli.it\/index.php\/wp-json\/wp\/v2\/users\/1"}],"replies":[{"embeddable":true,"href":"http:\/\/simonamenichelli.it\/index.php\/wp-json\/wp\/v2\/comments?post=108"}],"version-history":[{"count":1,"href":"http:\/\/simonamenichelli.it\/index.php\/wp-json\/wp\/v2\/pages\/108\/revisions"}],"predecessor-version":[{"id":109,"href":"http:\/\/simonamenichelli.it\/index.php\/wp-json\/wp\/v2\/pages\/108\/revisions\/109"}],"up":[{"embeddable":true,"href":"http:\/\/simonamenichelli.it\/index.php\/wp-json\/wp\/v2\/pages\/14"}],"wp:attachment":[{"href":"http:\/\/simonamenichelli.it\/index.php\/wp-json\/wp\/v2\/media?parent=108"}],"curies":[{"name":"wp","href":"https:\/\/api.w.org\/{rel}","templated":true}]}}